{"id":309,"date":"2024-04-05T21:30:25","date_gmt":"2024-04-05T19:30:25","guid":{"rendered":"https:\/\/plantillas-gobbo-preview-wp.demo.agetic.gob.bo\/?page_id=309"},"modified":"2025-03-31T16:01:20","modified_gmt":"2025-03-31T14:01:20","slug":"declaracion-de-la-mision-vision-valores-y-principios-de-la-entidad","status":"publish","type":"page","link":"https:\/\/plantillas-gobbo-preview-wp.demo.agetic.gob.bo\/index.php\/declaracion-de-la-mision-vision-valores-y-principios-de-la-entidad\/","title":{"rendered":"Misi\u00f3n, Visi\u00f3n, Valores y Principios de la Entidad"},"content":{"rendered":"\n<p><\/p>\n\n\n\n<h2 class=\"wp-block-heading\">Lorem Ipsun Misi\u00f3n<\/h2>\n\n\n\n<p>Lorem Ipsum es simplemente el texto de relleno de las imprentas y archivos de texto. <\/p>\n\n\n\n<p>Lorem Ipsum ha sido el texto de relleno est\u00e1ndar de las industrias desde el a\u00f1o 1500, cuando un impresor (N. del T. persona que se dedica a la imprenta) desconocido us\u00f3 una galer\u00eda de textos y los mezcl\u00f3 de tal manera que logr\u00f3 hacer un libro de textos especimen.<\/p>\n\n\n\n<h2 class=\"wp-block-heading\">Lorem Ipsun Visi\u00f3n<\/h2>\n\n\n\n<p>Al contrario del pensamiento popular, el texto de Lorem Ipsum no es simplemente texto aleatorio. Tiene sus raices en una pieza cl\u00b4sica de la literatura del Latin, que data del a\u00f1o 45 antes de Cristo, haciendo que este adquiera mas de 2000 a\u00f1os de antiguedad.<\/p>\n\n\n\n<h5 class=\"wp-block-heading\">Lorem Ipsun Valores:<\/h5>\n\n\n\n<ul class=\"wp-block-list\">\n<li>Lorem Ipsun Trabajo en equipo<\/li>\n\n\n\n<li>Lorem IpsunTrabajo orientado a la calidad del servicio<\/li>\n\n\n\n<li>Lorem Ipsun Innovaci\u00f3n y creatividad<\/li>\n\n\n\n<li>Lorem Ipsun Liderazgo<\/li>\n\n\n\n<li>Lorem Ipsun Transparencia<\/li>\n\n\n\n<li>Lorem Ipsun Eficiencia<\/li>\n\n\n\n<li>Lorem Ipsun Responsabilidad<\/li>\n\n\n\n<li>Lorem Ipsun Compromiso social<\/li>\n\n\n\n<li>Lorem Ipsun Respeto<\/li>\n\n\n\n<li>Lorem Ipsun Pluralidad<\/li>\n<\/ul>\n\n\n\n<h2 class=\"wp-block-heading\"> Lorem Ipsun Principios:<\/h2>\n\n\n\n<ul class=\"wp-block-list\">\n<li>Lorem Ipsun Ama sua \u2013 Janiw Lunthata \u2013 No seas ladr\u00f3n<\/li>\n\n\n\n<li>Lorem Ipsun Ama llulla \u2013 Janiw K\u2019arisiri \u2013 No seas mentiroso<\/li>\n\n\n\n<li>Lorem IpsunAma quella \u2013 Janiw Jayra \u2013 No seas flojo<\/li>\n<\/ul>\n\n\n\n<figure class=\"wp-block-gallery has-nested-images columns-default is-cropped wp-block-gallery-1 is-layout-flex wp-block-gallery-is-layout-flex\">\n<figure class=\"wp-block-image size-large\"><img loading=\"lazy\" decoding=\"async\" width=\"512\" height=\"512\" data-id=\"16967\" src=\"https:\/\/plantillas-gobbo-preview-wp.demo.agetic.gob.bo\/wp-content\/uploads\/2024\/12\/cropped-icone-photo2.png\" alt=\"\" class=\"wp-image-16967\" srcset=\"https:\/\/plantillas-gobbo-preview-wp.demo.agetic.gob.bo\/wp-content\/uploads\/2024\/12\/cropped-icone-photo2.png 512w, https:\/\/plantillas-gobbo-preview-wp.demo.agetic.gob.bo\/wp-content\/uploads\/2024\/12\/cropped-icone-photo2-300x300.png 300w, https:\/\/plantillas-gobbo-preview-wp.demo.agetic.gob.bo\/wp-content\/uploads\/2024\/12\/cropped-icone-photo2-150x150.png 150w, https:\/\/plantillas-gobbo-preview-wp.demo.agetic.gob.bo\/wp-content\/uploads\/2024\/12\/cropped-icone-photo2-250x250.png 250w, https:\/\/plantillas-gobbo-preview-wp.demo.agetic.gob.bo\/wp-content\/uploads\/2024\/12\/cropped-icone-photo2-270x270.png 270w, https:\/\/plantillas-gobbo-preview-wp.demo.agetic.gob.bo\/wp-content\/uploads\/2024\/12\/cropped-icone-photo2-192x192.png 192w, https:\/\/plantillas-gobbo-preview-wp.demo.agetic.gob.bo\/wp-content\/uploads\/2024\/12\/cropped-icone-photo2-180x180.png 180w, https:\/\/plantillas-gobbo-preview-wp.demo.agetic.gob.bo\/wp-content\/uploads\/2024\/12\/cropped-icone-photo2-32x32.png 32w\" sizes=\"auto, (max-width: 512px) 100vw, 512px\" \/><\/figure>\n\n\n\n<figure class=\"wp-block-image size-large\"><img loading=\"lazy\" decoding=\"async\" width=\"512\" height=\"512\" data-id=\"16903\" src=\"https:\/\/plantillas-gobbo-preview-wp.demo.agetic.gob.bo\/wp-content\/uploads\/2024\/12\/icone-photo2.png\" alt=\"\" class=\"wp-image-16903\" srcset=\"https:\/\/plantillas-gobbo-preview-wp.demo.agetic.gob.bo\/wp-content\/uploads\/2024\/12\/icone-photo2.png 512w, https:\/\/plantillas-gobbo-preview-wp.demo.agetic.gob.bo\/wp-content\/uploads\/2024\/12\/icone-photo2-300x300.png 300w, https:\/\/plantillas-gobbo-preview-wp.demo.agetic.gob.bo\/wp-content\/uploads\/2024\/12\/icone-photo2-150x150.png 150w, https:\/\/plantillas-gobbo-preview-wp.demo.agetic.gob.bo\/wp-content\/uploads\/2024\/12\/icone-photo2-250x250.png 250w\" sizes=\"auto, (max-width: 512px) 100vw, 512px\" \/><\/figure>\n<\/figure>\n\n\n\n<p><\/p>\n","protected":false},"excerpt":{"rendered":"<p>Lorem Ipsun Misi\u00f3n Lorem Ipsum es simplemente el texto de relleno de las imprentas y archivos de texto. Lorem Ipsum ha sido el texto de relleno est\u00e1ndar de las industrias desde el a\u00f1o 1500, cuando un impresor (N. del T. persona que se dedica a la imprenta) desconocido us\u00f3 una galer\u00eda de textos y los [&hellip;]<\/p>\n","protected":false},"author":1,"featured_media":0,"parent":0,"menu_order":0,"comment_status":"closed","ping_status":"closed","template":"","meta":{"_acf_changed":false,"footnotes":""},"class_list":["post-309","page","type-page","status-publish","hentry"],"acf":[],"_links":{"self":[{"href":"https:\/\/plantillas-gobbo-preview-wp.demo.agetic.gob.bo\/index.php\/wp-json\/wp\/v2\/pages\/309","targetHints":{"allow":["GET"]}}],"collection":[{"href":"https:\/\/plantillas-gobbo-preview-wp.demo.agetic.gob.bo\/index.php\/wp-json\/wp\/v2\/pages"}],"about":[{"href":"https:\/\/plantillas-gobbo-preview-wp.demo.agetic.gob.bo\/index.php\/wp-json\/wp\/v2\/types\/page"}],"author":[{"embeddable":true,"href":"https:\/\/plantillas-gobbo-preview-wp.demo.agetic.gob.bo\/index.php\/wp-json\/wp\/v2\/users\/1"}],"replies":[{"embeddable":true,"href":"https:\/\/plantillas-gobbo-preview-wp.demo.agetic.gob.bo\/index.php\/wp-json\/wp\/v2\/comments?post=309"}],"version-history":[{"count":16,"href":"https:\/\/plantillas-gobbo-preview-wp.demo.agetic.gob.bo\/index.php\/wp-json\/wp\/v2\/pages\/309\/revisions"}],"predecessor-version":[{"id":17062,"href":"https:\/\/plantillas-gobbo-preview-wp.demo.agetic.gob.bo\/index.php\/wp-json\/wp\/v2\/pages\/309\/revisions\/17062"}],"wp:attachment":[{"href":"https:\/\/plantillas-gobbo-preview-wp.demo.agetic.gob.bo\/index.php\/wp-json\/wp\/v2\/media?parent=309"}],"curies":[{"name":"wp","href":"https:\/\/api.w.org\/{rel}","templated":true}]}}